{"id":232,"date":"2025-06-04T21:18:34","date_gmt":"2025-06-05T00:18:34","guid":{"rendered":"https:\/\/lojacognitivo.f5one.com\/index.php\/product\/transf-form-esp-em-especializacao-em-terapia-do-esquema-modulo-advance\/"},"modified":"2025-06-04T21:18:34","modified_gmt":"2025-06-05T00:18:34","slug":"transf-form-esp-em-especializacao-em-terapia-do-esquema-modulo-advance","status":"publish","type":"product","link":"https:\/\/lojacognitivo.f5one.com\/index.php\/product\/transf-form-esp-em-especializacao-em-terapia-do-esquema-modulo-advance\/","title":{"rendered":"TRANSF. FORM\/ESP EM ESPECIALIZA\u00c7\u00c3O EM TERAPIA DO ESQUEMA &#8211; M\u00f3dulo: ADVANCE"},"content":{"rendered":"<p>Transfer\u00eancia de Forma\u00e7\u00e3o\/Especializa\u00e7\u00e3o em Terapia do Esquema. M\u00f3dulo Advance.<\/p>\n","protected":false},"excerpt":{"rendered":"<p>Transfer\u00eancia em Terapia do Esquema &#8211; M\u00f3dulo Advance.<\/p>\n","protected":false},"featured_media":143,"template":"","meta":{"_surecart_dashboard_logo_width":"180px","_surecart_dashboard_show_logo":true,"_surecart_dashboard_navigation_orders":true,"_surecart_dashboard_navigation_invoices":true,"_surecart_dashboard_navigation_subscriptions":true,"_surecart_dashboard_navigation_downloads":true,"_surecart_dashboard_navigation_billing":true,"_surecart_dashboard_navigation_account":true,"_uag_custom_page_level_css":"","site-sidebar-layout":"default","site-content-layout":"","ast-site-content-layout":"","site-content-style":"default","site-sidebar-style":"default","ast-global-header-display":"","ast-banner-title-visibility":"","ast-main-header-display":"","ast-hfb-above-header-display":"","ast-hfb-below-header-display":"","ast-hfb-mobile-header-display":"","site-post-title":"","ast-breadcrumbs-content":"","ast-featured-img":"","footer-sml-layout":"","theme-transparent-header-meta":"","adv-header-id-meta":"","stick-header-meta":"","header-above-stick-meta":"","header-main-stick-meta":"","header-below-stick-meta":"","astra-migrate-meta-layouts":"default","ast-page-background-enabled":"default","ast-page-background-meta":{"desktop":{"background-color":"var(--ast-global-color-4)","background-image":"","background-repeat":"repeat","background-position":"center center","background-size":"auto","background-attachment":"scroll","background-type":"","background-media":"","overlay-type":"","overlay-color":"","overlay-opacity":"","overlay-gradient":""},"tablet":{"background-color":"","background-image":"","background-repeat":"repeat","background-position":"center center","background-size":"auto","background-attachment":"scroll","background-type":"","background-media":"","overlay-type":"","overlay-color":"","overlay-opacity":"","overlay-gradient":""},"mobile":{"background-color":"","background-image":"","background-repeat":"repeat","background-position":"center center","background-size":"auto","background-attachment":"scroll","background-type":"","background-media":"","overlay-type":"","overlay-color":"","overlay-opacity":"","overlay-gradient":""}},"ast-content-background-meta":{"desktop":{"background-color":"var(--ast-global-color-5)","background-image":"","background-repeat":"repeat","background-position":"center center","background-size":"auto","background-attachment":"scroll","background-type":"","background-media":"","overlay-type":"","overlay-color":"","overlay-opacity":"","overlay-gradient":""},"tablet":{"background-color":"var(--ast-global-color-5)","background-image":"","background-repeat":"repeat","background-position":"center center","background-size":"auto","background-attachment":"scroll","background-type":"","background-media":"","overlay-type":"","overlay-color":"","overlay-opacity":"","overlay-gradient":""},"mobile":{"background-color":"var(--ast-global-color-5)","background-image":"","background-repeat":"repeat","background-position":"center center","background-size":"auto","background-attachment":"scroll","background-type":"","background-media":"","overlay-type":"","overlay-color":"","overlay-opacity":"","overlay-gradient":""}}},"product_brand":[],"product_cat":[24,28],"product_tag":[],"class_list":{"0":"post-232","1":"product","2":"type-product","3":"status-publish","4":"has-post-thumbnail","6":"product_cat-terapia-do-esquema","7":"product_cat-transferencia","8":"desktop-align-left","9":"tablet-align-left","10":"mobile-align-left","12":"first","13":"instock","14":"virtual","15":"purchasable","16":"product-type-simple"},"yoast_head":"<!-- This site is optimized with the Yoast SEO plugin v24.9 - https:\/\/yoast.com\/wordpress\/plugins\/seo\/ -->\n<title>TRANSF. FORM\/ESP EM ESPECIALIZA\u00c7\u00c3O EM TERAPIA DO ESQUEMA - M\u00f3dulo: ADVANCE -<\/title>\n<meta name=\"robots\" content=\"index, follow, max-snippet:-1, max-image-preview:large, max-video-preview:-1\" \/>\n<link rel=\"canonical\" href=\"https:\/\/lojacognitivo.f5one.com\/index.php\/product\/transf-form-esp-em-especializacao-em-terapia-do-esquema-modulo-advance\/\" \/>\n<meta property=\"og:locale\" content=\"en_US\" \/>\n<meta property=\"og:type\" content=\"article\" \/>\n<meta property=\"og:title\" content=\"TRANSF. FORM\/ESP EM ESPECIALIZA\u00c7\u00c3O EM TERAPIA DO ESQUEMA - M\u00f3dulo: ADVANCE -\" \/>\n<meta property=\"og:description\" content=\"Transfer\u00eancia em Terapia do Esquema - M\u00f3dulo Advance.\" \/>\n<meta property=\"og:url\" content=\"https:\/\/lojacognitivo.f5one.com\/index.php\/product\/transf-form-esp-em-especializacao-em-terapia-do-esquema-modulo-advance\/\" \/>\n<meta name=\"twitter:card\" content=\"summary_large_image\" \/>\n<script type=\"application\/ld+json\" class=\"yoast-schema-graph\">{\"@context\":\"https:\/\/schema.org\",\"@graph\":[{\"@type\":\"WebPage\",\"@id\":\"https:\/\/lojacognitivo.f5one.com\/index.php\/product\/transf-form-esp-em-especializacao-em-terapia-do-esquema-modulo-advance\/\",\"url\":\"https:\/\/lojacognitivo.f5one.com\/index.php\/product\/transf-form-esp-em-especializacao-em-terapia-do-esquema-modulo-advance\/\",\"name\":\"TRANSF. FORM\/ESP EM ESPECIALIZA\u00c7\u00c3O EM TERAPIA DO ESQUEMA - M\u00f3dulo: ADVANCE -\",\"isPartOf\":{\"@id\":\"https:\/\/lojacognitivo.f5one.com\/#website\"},\"primaryImageOfPage\":{\"@id\":\"https:\/\/lojacognitivo.f5one.com\/index.php\/product\/transf-form-esp-em-especializacao-em-terapia-do-esquema-modulo-advance\/#primaryimage\"},\"image\":{\"@id\":\"https:\/\/lojacognitivo.f5one.com\/index.php\/product\/transf-form-esp-em-especializacao-em-terapia-do-esquema-modulo-advance\/#primaryimage\"},\"thumbnailUrl\":\"https:\/\/lojacognitivo.f5one.com\/wp-content\/uploads\/2025\/05\/52.jpg\",\"datePublished\":\"2025-06-05T00:18:34+00:00\",\"breadcrumb\":{\"@id\":\"https:\/\/lojacognitivo.f5one.com\/index.php\/product\/transf-form-esp-em-especializacao-em-terapia-do-esquema-modulo-advance\/#breadcrumb\"},\"inLanguage\":\"en-US\",\"potentialAction\":[{\"@type\":\"ReadAction\",\"target\":[\"https:\/\/lojacognitivo.f5one.com\/index.php\/product\/transf-form-esp-em-especializacao-em-terapia-do-esquema-modulo-advance\/\"]}]},{\"@type\":\"ImageObject\",\"inLanguage\":\"en-US\",\"@id\":\"https:\/\/lojacognitivo.f5one.com\/index.php\/product\/transf-form-esp-em-especializacao-em-terapia-do-esquema-modulo-advance\/#primaryimage\",\"url\":\"https:\/\/lojacognitivo.f5one.com\/wp-content\/uploads\/2025\/05\/52.jpg\",\"contentUrl\":\"https:\/\/lojacognitivo.f5one.com\/wp-content\/uploads\/2025\/05\/52.jpg\",\"width\":240,\"height\":240},{\"@type\":\"BreadcrumbList\",\"@id\":\"https:\/\/lojacognitivo.f5one.com\/index.php\/product\/transf-form-esp-em-especializacao-em-terapia-do-esquema-modulo-advance\/#breadcrumb\",\"itemListElement\":[{\"@type\":\"ListItem\",\"position\":1,\"name\":\"Home\",\"item\":\"https:\/\/lojacognitivo.f5one.com\/\"},{\"@type\":\"ListItem\",\"position\":2,\"name\":\"TRANSF. FORM\/ESP EM ESPECIALIZA\u00c7\u00c3O EM TERAPIA DO ESQUEMA &#8211; M\u00f3dulo: ADVANCE\"}]},{\"@type\":\"WebSite\",\"@id\":\"https:\/\/lojacognitivo.f5one.com\/#website\",\"url\":\"https:\/\/lojacognitivo.f5one.com\/\",\"name\":\"\",\"description\":\"\",\"potentialAction\":[{\"@type\":\"SearchAction\",\"target\":{\"@type\":\"EntryPoint\",\"urlTemplate\":\"https:\/\/lojacognitivo.f5one.com\/?s={search_term_string}\"},\"query-input\":{\"@type\":\"PropertyValueSpecification\",\"valueRequired\":true,\"valueName\":\"search_term_string\"}}],\"inLanguage\":\"en-US\"}]}<\/script>\n<!-- \/ Yoast SEO plugin. -->","yoast_head_json":{"title":"TRANSF. FORM\/ESP EM ESPECIALIZA\u00c7\u00c3O EM TERAPIA DO ESQUEMA - M\u00f3dulo: ADVANCE -","robots":{"index":"index","follow":"follow","max-snippet":"max-snippet:-1","max-image-preview":"max-image-preview:large","max-video-preview":"max-video-preview:-1"},"canonical":"https:\/\/lojacognitivo.f5one.com\/index.php\/product\/transf-form-esp-em-especializacao-em-terapia-do-esquema-modulo-advance\/","og_locale":"en_US","og_type":"article","og_title":"TRANSF. FORM\/ESP EM ESPECIALIZA\u00c7\u00c3O EM TERAPIA DO ESQUEMA - M\u00f3dulo: ADVANCE -","og_description":"Transfer\u00eancia em Terapia do Esquema - M\u00f3dulo Advance.","og_url":"https:\/\/lojacognitivo.f5one.com\/index.php\/product\/transf-form-esp-em-especializacao-em-terapia-do-esquema-modulo-advance\/","twitter_card":"summary_large_image","schema":{"@context":"https:\/\/schema.org","@graph":[{"@type":"WebPage","@id":"https:\/\/lojacognitivo.f5one.com\/index.php\/product\/transf-form-esp-em-especializacao-em-terapia-do-esquema-modulo-advance\/","url":"https:\/\/lojacognitivo.f5one.com\/index.php\/product\/transf-form-esp-em-especializacao-em-terapia-do-esquema-modulo-advance\/","name":"TRANSF. FORM\/ESP EM ESPECIALIZA\u00c7\u00c3O EM TERAPIA DO ESQUEMA - M\u00f3dulo: ADVANCE -","isPartOf":{"@id":"https:\/\/lojacognitivo.f5one.com\/#website"},"primaryImageOfPage":{"@id":"https:\/\/lojacognitivo.f5one.com\/index.php\/product\/transf-form-esp-em-especializacao-em-terapia-do-esquema-modulo-advance\/#primaryimage"},"image":{"@id":"https:\/\/lojacognitivo.f5one.com\/index.php\/product\/transf-form-esp-em-especializacao-em-terapia-do-esquema-modulo-advance\/#primaryimage"},"thumbnailUrl":"https:\/\/lojacognitivo.f5one.com\/wp-content\/uploads\/2025\/05\/52.jpg","datePublished":"2025-06-05T00:18:34+00:00","breadcrumb":{"@id":"https:\/\/lojacognitivo.f5one.com\/index.php\/product\/transf-form-esp-em-especializacao-em-terapia-do-esquema-modulo-advance\/#breadcrumb"},"inLanguage":"en-US","potentialAction":[{"@type":"ReadAction","target":["https:\/\/lojacognitivo.f5one.com\/index.php\/product\/transf-form-esp-em-especializacao-em-terapia-do-esquema-modulo-advance\/"]}]},{"@type":"ImageObject","inLanguage":"en-US","@id":"https:\/\/lojacognitivo.f5one.com\/index.php\/product\/transf-form-esp-em-especializacao-em-terapia-do-esquema-modulo-advance\/#primaryimage","url":"https:\/\/lojacognitivo.f5one.com\/wp-content\/uploads\/2025\/05\/52.jpg","contentUrl":"https:\/\/lojacognitivo.f5one.com\/wp-content\/uploads\/2025\/05\/52.jpg","width":240,"height":240},{"@type":"BreadcrumbList","@id":"https:\/\/lojacognitivo.f5one.com\/index.php\/product\/transf-form-esp-em-especializacao-em-terapia-do-esquema-modulo-advance\/#breadcrumb","itemListElement":[{"@type":"ListItem","position":1,"name":"Home","item":"https:\/\/lojacognitivo.f5one.com\/"},{"@type":"ListItem","position":2,"name":"TRANSF. FORM\/ESP EM ESPECIALIZA\u00c7\u00c3O EM TERAPIA DO ESQUEMA &#8211; M\u00f3dulo: ADVANCE"}]},{"@type":"WebSite","@id":"https:\/\/lojacognitivo.f5one.com\/#website","url":"https:\/\/lojacognitivo.f5one.com\/","name":"","description":"","potentialAction":[{"@type":"SearchAction","target":{"@type":"EntryPoint","urlTemplate":"https:\/\/lojacognitivo.f5one.com\/?s={search_term_string}"},"query-input":{"@type":"PropertyValueSpecification","valueRequired":true,"valueName":"search_term_string"}}],"inLanguage":"en-US"}]}},"uagb_featured_image_src":{"full":["https:\/\/lojacognitivo.f5one.com\/wp-content\/uploads\/2025\/05\/52.jpg",240,240,false],"thumbnail":["https:\/\/lojacognitivo.f5one.com\/wp-content\/uploads\/2025\/05\/52.jpg",150,150,false],"medium":["https:\/\/lojacognitivo.f5one.com\/wp-content\/uploads\/2025\/05\/52.jpg",240,240,false],"medium_large":["https:\/\/lojacognitivo.f5one.com\/wp-content\/uploads\/2025\/05\/52.jpg",240,240,false],"large":["https:\/\/lojacognitivo.f5one.com\/wp-content\/uploads\/2025\/05\/52.jpg",240,240,false],"1536x1536":["https:\/\/lojacognitivo.f5one.com\/wp-content\/uploads\/2025\/05\/52.jpg",240,240,false],"2048x2048":["https:\/\/lojacognitivo.f5one.com\/wp-content\/uploads\/2025\/05\/52.jpg",240,240,false],"woocommerce_thumbnail":["https:\/\/lojacognitivo.f5one.com\/wp-content\/uploads\/2025\/05\/52.jpg",240,240,false],"woocommerce_single":["https:\/\/lojacognitivo.f5one.com\/wp-content\/uploads\/2025\/05\/52.jpg",240,240,false],"woocommerce_gallery_thumbnail":["https:\/\/lojacognitivo.f5one.com\/wp-content\/uploads\/2025\/05\/52.jpg",100,100,false]},"uagb_author_info":{"display_name":"admin","author_link":"https:\/\/lojacognitivo.f5one.com\/index.php\/author\/"},"uagb_comment_info":0,"uagb_excerpt":"Transfer\u00eancia em Terapia do Esquema - M\u00f3dulo Advance.","_links":{"self":[{"href":"https:\/\/lojacognitivo.f5one.com\/index.php\/wp-json\/wp\/v2\/product\/232","targetHints":{"allow":["GET"]}}],"collection":[{"href":"https:\/\/lojacognitivo.f5one.com\/index.php\/wp-json\/wp\/v2\/product"}],"about":[{"href":"https:\/\/lojacognitivo.f5one.com\/index.php\/wp-json\/wp\/v2\/types\/product"}],"wp:featuredmedia":[{"embeddable":true,"href":"https:\/\/lojacognitivo.f5one.com\/index.php\/wp-json\/wp\/v2\/media\/143"}],"wp:attachment":[{"href":"https:\/\/lojacognitivo.f5one.com\/index.php\/wp-json\/wp\/v2\/media?parent=232"}],"wp:term":[{"taxonomy":"product_brand","embeddable":true,"href":"https:\/\/lojacognitivo.f5one.com\/index.php\/wp-json\/wp\/v2\/product_brand?post=232"},{"taxonomy":"product_cat","embeddable":true,"href":"https:\/\/lojacognitivo.f5one.com\/index.php\/wp-json\/wp\/v2\/product_cat?post=232"},{"taxonomy":"product_tag","embeddable":true,"href":"https:\/\/lojacognitivo.f5one.com\/index.php\/wp-json\/wp\/v2\/product_tag?post=232"}],"curies":[{"name":"wp","href":"https:\/\/api.w.org\/{rel}","templated":true}]}}